{"id":84,"date":"2025-09-22T18:17:43","date_gmt":"2025-09-22T18:17:43","guid":{"rendered":"https:\/\/iku-slovenia-2026.si\/?page_id=84"},"modified":"2026-01-26T20:08:07","modified_gmt":"2026-01-26T20:08:07","slug":"nastanitev-hoteli","status":"publish","type":"page","link":"https:\/\/iku-slovenia-2026.si\/?page_id=84","title":{"rendered":"NASTANITEV \/ HOTELI"},"content":{"rendered":"\n<blockquote class=\"wp-block-quote is-layout-flow wp-block-quote-is-layout-flow\">\n<h2 class=\"wp-block-heading\">NASTANITEV \/ HOTELI<\/h2>\n\n\n\n<p><mark style=\"background-color:rgba(0, 0, 0, 0)\" class=\"has-inline-color has-heading-color\">Prosimo vas, da se za vse informacije v zvezi z nastanitvami in hoteli obrnete na e-naslov:\u00a0<a href=\"mailto:meet@kompas.si\" target=\"_blank\" rel=\"noreferrer noopener\">meet@kompas.si<\/a><\/mark><\/p>\n\n\n\n<p><mark style=\"background-color:rgba(0, 0, 0, 0)\" class=\"has-inline-color has-heading-color\">Napi\u0161ite &#8220;IKU Slovenia 2026&#8221; in po\u0161ljite vpra\u0161anje, ki vas zanima. Odgovor boste prejeli v najve\u010d dveh dneh.<\/mark><\/p>\n\n\n\n<p><mark style=\"background-color:rgba(0, 0, 0, 0)\" class=\"has-inline-color has-heading-color\">Kompas vam bo omogo\u010dil najbolj ugodne in prilagodljive nastanitve, ki jih potrebujete za va\u0161o ekipo. \u0160e posebej \u0161tevil\u010dne ekipe, ne \u010dakajte, saj je \u0161tevilo nastanitev omejeno.<\/mark><\/p>\n\n\n\n<figure class=\"wp-block-image size-full\"><img loading=\"lazy\" decoding=\"async\" width=\"725\" height=\"156\" src=\"https:\/\/iku-slovenia-2026.si\/wp-content\/uploads\/2025\/10\/LOGO-vektorski.png\" alt=\"\" class=\"wp-image-440\" srcset=\"https:\/\/iku-slovenia-2026.si\/wp-content\/uploads\/2025\/10\/LOGO-vektorski.png 725w, https:\/\/iku-slovenia-2026.si\/wp-content\/uploads\/2025\/10\/LOGO-vektorski-300x65.png 300w\" sizes=\"auto, (max-width: 725px) 100vw, 725px\" \/><\/figure>\n\n\n\n<figure class=\"wp-block-image size-large\"><img loading=\"lazy\" decoding=\"async\" width=\"1024\" height=\"683\" src=\"https:\/\/iku-slovenia-2026.si\/wp-content\/uploads\/2025\/10\/grand-koper-1024x683.jpg\" alt=\"\" class=\"wp-image-429\" srcset=\"https:\/\/iku-slovenia-2026.si\/wp-content\/uploads\/2025\/10\/grand-koper-1024x683.jpg 1024w, https:\/\/iku-slovenia-2026.si\/wp-content\/uploads\/2025\/10\/grand-koper-300x200.jpg 300w, https:\/\/iku-slovenia-2026.si\/wp-content\/uploads\/2025\/10\/grand-koper-768x512.jpg 768w, https:\/\/iku-slovenia-2026.si\/wp-content\/uploads\/2025\/10\/grand-koper.jpg 1200w\" sizes=\"auto, (max-width: 1024px) 100vw, 1024px\" \/><\/figure>\n<\/blockquote>\n","protected":false},"excerpt":{"rendered":"","protected":false},"author":1,"featured_media":0,"parent":0,"menu_order":0,"comment_status":"closed","ping_status":"closed","template":"","meta":{"pagelayer_contact_templates":[],"_pagelayer_content":"","footnotes":""},"class_list":["post-84","page","type-page","status-publish","hentry"],"yoast_head":"<!-- This site is optimized with the Yoast SEO plugin v25.9 - https:\/\/yoast.com\/wordpress\/plugins\/seo\/ -->\n<title>NASTANITEV \/ HOTELI - IKU KARATE 2026<\/title>\n<meta name=\"robots\" content=\"index, follow, max-snippet:-1, max-image-preview:large, max-video-preview:-1\" \/>\n<link rel=\"canonical\" href=\"https:\/\/iku-slovenia-2026.si\/?page_id=84\" \/>\n<meta property=\"og:locale\" content=\"en_US\" \/>\n<meta property=\"og:type\" content=\"article\" \/>\n<meta property=\"og:title\" content=\"NASTANITEV \/ HOTELI - IKU KARATE 2026\" \/>\n<meta property=\"og:url\" content=\"https:\/\/iku-slovenia-2026.si\/?page_id=84\" \/>\n<meta property=\"og:site_name\" content=\"IKU KARATE 2026\" \/>\n<meta property=\"article:publisher\" content=\"https:\/\/www.facebook.com\/people\/Karate-klub-Novo-mesto-Karate-klub-rnomelj\/\" \/>\n<meta property=\"article:modified_time\" content=\"2026-01-26T20:08:07+00:00\" \/>\n<meta property=\"og:image\" content=\"https:\/\/iku-slovenia-2026.si\/wp-content\/uploads\/2025\/10\/LOGO-vektorski.png\" \/>\n<meta name=\"twitter:card\" content=\"summary_large_image\" \/>\n<script type=\"application\/ld+json\" class=\"yoast-schema-graph\">{\"@context\":\"https:\/\/schema.org\",\"@graph\":[{\"@type\":\"WebPage\",\"@id\":\"https:\/\/iku-slovenia-2026.si\/?page_id=84\",\"url\":\"https:\/\/iku-slovenia-2026.si\/?page_id=84\",\"name\":\"NASTANITEV \/ HOTELI - IKU KARATE 2026\",\"isPartOf\":{\"@id\":\"https:\/\/iku-slovenia-2026.si\/#website\"},\"primaryImageOfPage\":{\"@id\":\"https:\/\/iku-slovenia-2026.si\/?page_id=84#primaryimage\"},\"image\":{\"@id\":\"https:\/\/iku-slovenia-2026.si\/?page_id=84#primaryimage\"},\"thumbnailUrl\":\"https:\/\/iku-slovenia-2026.si\/wp-content\/uploads\/2025\/10\/LOGO-vektorski.png\",\"datePublished\":\"2025-09-22T18:17:43+00:00\",\"dateModified\":\"2026-01-26T20:08:07+00:00\",\"breadcrumb\":{\"@id\":\"https:\/\/iku-slovenia-2026.si\/?page_id=84#breadcrumb\"},\"inLanguage\":\"en-US\",\"potentialAction\":[{\"@type\":\"ReadAction\",\"target\":[\"https:\/\/iku-slovenia-2026.si\/?page_id=84\"]}]},{\"@type\":\"ImageObject\",\"inLanguage\":\"en-US\",\"@id\":\"https:\/\/iku-slovenia-2026.si\/?page_id=84#primaryimage\",\"url\":\"https:\/\/iku-slovenia-2026.si\/wp-content\/uploads\/2025\/10\/LOGO-vektorski.png\",\"contentUrl\":\"https:\/\/iku-slovenia-2026.si\/wp-content\/uploads\/2025\/10\/LOGO-vektorski.png\",\"width\":725,\"height\":156},{\"@type\":\"BreadcrumbList\",\"@id\":\"https:\/\/iku-slovenia-2026.si\/?page_id=84#breadcrumb\",\"itemListElement\":[{\"@type\":\"ListItem\",\"position\":1,\"name\":\"Home\",\"item\":\"https:\/\/iku-slovenia-2026.si\/\"},{\"@type\":\"ListItem\",\"position\":2,\"name\":\"NASTANITEV \/ HOTELI\"}]},{\"@type\":\"WebSite\",\"@id\":\"https:\/\/iku-slovenia-2026.si\/#website\",\"url\":\"https:\/\/iku-slovenia-2026.si\/\",\"name\":\"iku-slovenia-2026\",\"description\":\"\",\"publisher\":{\"@id\":\"https:\/\/iku-slovenia-2026.si\/#organization\"},\"potentialAction\":[{\"@type\":\"SearchAction\",\"target\":{\"@type\":\"EntryPoint\",\"urlTemplate\":\"https:\/\/iku-slovenia-2026.si\/?s={search_term_string}\"},\"query-input\":{\"@type\":\"PropertyValueSpecification\",\"valueRequired\":true,\"valueName\":\"search_term_string\"}}],\"inLanguage\":\"en-US\"},{\"@type\":\"Organization\",\"@id\":\"https:\/\/iku-slovenia-2026.si\/#organization\",\"name\":\"iku-slovenia-2026\",\"url\":\"https:\/\/iku-slovenia-2026.si\/\",\"logo\":{\"@type\":\"ImageObject\",\"inLanguage\":\"en-US\",\"@id\":\"https:\/\/iku-slovenia-2026.si\/#\/schema\/logo\/image\/\",\"url\":\"https:\/\/iku-slovenia-2026.si\/wp-content\/uploads\/2025\/09\/cropped-IZSEK-CGP-WORLD-CHAMPIONSHIP-1.png\",\"contentUrl\":\"https:\/\/iku-slovenia-2026.si\/wp-content\/uploads\/2025\/09\/cropped-IZSEK-CGP-WORLD-CHAMPIONSHIP-1.png\",\"width\":2000,\"height\":1413,\"caption\":\"iku-slovenia-2026\"},\"image\":{\"@id\":\"https:\/\/iku-slovenia-2026.si\/#\/schema\/logo\/image\/\"},\"sameAs\":[\"https:\/\/www.facebook.com\/people\/Karate-klub-Novo-mesto-Karate-klub-rnomelj\/\",\"https:\/\/www.youtube.com\/\",\"https:\/\/www.linkedin.com\/\"]}]}<\/script>\n<!-- \/ Yoast SEO plugin. -->","yoast_head_json":{"title":"NASTANITEV \/ HOTELI - IKU KARATE 2026","robots":{"index":"index","follow":"follow","max-snippet":"max-snippet:-1","max-image-preview":"max-image-preview:large","max-video-preview":"max-video-preview:-1"},"canonical":"https:\/\/iku-slovenia-2026.si\/?page_id=84","og_locale":"en_US","og_type":"article","og_title":"NASTANITEV \/ HOTELI - IKU KARATE 2026","og_url":"https:\/\/iku-slovenia-2026.si\/?page_id=84","og_site_name":"IKU KARATE 2026","article_publisher":"https:\/\/www.facebook.com\/people\/Karate-klub-Novo-mesto-Karate-klub-rnomelj\/","article_modified_time":"2026-01-26T20:08:07+00:00","og_image":[{"url":"https:\/\/iku-slovenia-2026.si\/wp-content\/uploads\/2025\/10\/LOGO-vektorski.png","type":"","width":"","height":""}],"twitter_card":"summary_large_image","schema":{"@context":"https:\/\/schema.org","@graph":[{"@type":"WebPage","@id":"https:\/\/iku-slovenia-2026.si\/?page_id=84","url":"https:\/\/iku-slovenia-2026.si\/?page_id=84","name":"NASTANITEV \/ HOTELI - IKU KARATE 2026","isPartOf":{"@id":"https:\/\/iku-slovenia-2026.si\/#website"},"primaryImageOfPage":{"@id":"https:\/\/iku-slovenia-2026.si\/?page_id=84#primaryimage"},"image":{"@id":"https:\/\/iku-slovenia-2026.si\/?page_id=84#primaryimage"},"thumbnailUrl":"https:\/\/iku-slovenia-2026.si\/wp-content\/uploads\/2025\/10\/LOGO-vektorski.png","datePublished":"2025-09-22T18:17:43+00:00","dateModified":"2026-01-26T20:08:07+00:00","breadcrumb":{"@id":"https:\/\/iku-slovenia-2026.si\/?page_id=84#breadcrumb"},"inLanguage":"en-US","potentialAction":[{"@type":"ReadAction","target":["https:\/\/iku-slovenia-2026.si\/?page_id=84"]}]},{"@type":"ImageObject","inLanguage":"en-US","@id":"https:\/\/iku-slovenia-2026.si\/?page_id=84#primaryimage","url":"https:\/\/iku-slovenia-2026.si\/wp-content\/uploads\/2025\/10\/LOGO-vektorski.png","contentUrl":"https:\/\/iku-slovenia-2026.si\/wp-content\/uploads\/2025\/10\/LOGO-vektorski.png","width":725,"height":156},{"@type":"BreadcrumbList","@id":"https:\/\/iku-slovenia-2026.si\/?page_id=84#breadcrumb","itemListElement":[{"@type":"ListItem","position":1,"name":"Home","item":"https:\/\/iku-slovenia-2026.si\/"},{"@type":"ListItem","position":2,"name":"NASTANITEV \/ HOTELI"}]},{"@type":"WebSite","@id":"https:\/\/iku-slovenia-2026.si\/#website","url":"https:\/\/iku-slovenia-2026.si\/","name":"iku-slovenia-2026","description":"","publisher":{"@id":"https:\/\/iku-slovenia-2026.si\/#organization"},"potentialAction":[{"@type":"SearchAction","target":{"@type":"EntryPoint","urlTemplate":"https:\/\/iku-slovenia-2026.si\/?s={search_term_string}"},"query-input":{"@type":"PropertyValueSpecification","valueRequired":true,"valueName":"search_term_string"}}],"inLanguage":"en-US"},{"@type":"Organization","@id":"https:\/\/iku-slovenia-2026.si\/#organization","name":"iku-slovenia-2026","url":"https:\/\/iku-slovenia-2026.si\/","logo":{"@type":"ImageObject","inLanguage":"en-US","@id":"https:\/\/iku-slovenia-2026.si\/#\/schema\/logo\/image\/","url":"https:\/\/iku-slovenia-2026.si\/wp-content\/uploads\/2025\/09\/cropped-IZSEK-CGP-WORLD-CHAMPIONSHIP-1.png","contentUrl":"https:\/\/iku-slovenia-2026.si\/wp-content\/uploads\/2025\/09\/cropped-IZSEK-CGP-WORLD-CHAMPIONSHIP-1.png","width":2000,"height":1413,"caption":"iku-slovenia-2026"},"image":{"@id":"https:\/\/iku-slovenia-2026.si\/#\/schema\/logo\/image\/"},"sameAs":["https:\/\/www.facebook.com\/people\/Karate-klub-Novo-mesto-Karate-klub-rnomelj\/","https:\/\/www.youtube.com\/","https:\/\/www.linkedin.com\/"]}]}},"_links":{"self":[{"href":"https:\/\/iku-slovenia-2026.si\/index.php?rest_route=\/wp\/v2\/pages\/84","targetHints":{"allow":["GET"]}}],"collection":[{"href":"https:\/\/iku-slovenia-2026.si\/index.php?rest_route=\/wp\/v2\/pages"}],"about":[{"href":"https:\/\/iku-slovenia-2026.si\/index.php?rest_route=\/wp\/v2\/types\/page"}],"author":[{"embeddable":true,"href":"https:\/\/iku-slovenia-2026.si\/index.php?rest_route=\/wp\/v2\/users\/1"}],"replies":[{"embeddable":true,"href":"https:\/\/iku-slovenia-2026.si\/index.php?rest_route=%2Fwp%2Fv2%2Fcomments&post=84"}],"version-history":[{"count":7,"href":"https:\/\/iku-slovenia-2026.si\/index.php?rest_route=\/wp\/v2\/pages\/84\/revisions"}],"predecessor-version":[{"id":813,"href":"https:\/\/iku-slovenia-2026.si\/index.php?rest_route=\/wp\/v2\/pages\/84\/revisions\/813"}],"wp:attachment":[{"href":"https:\/\/iku-slovenia-2026.si\/index.php?rest_route=%2Fwp%2Fv2%2Fmedia&parent=84"}],"curies":[{"name":"wp","href":"https:\/\/api.w.org\/{rel}","templated":true}]}}